{"id":123,"date":"2019-08-15T17:37:43","date_gmt":"2019-08-15T17:37:43","guid":{"rendered":"http:\/\/www.odtahujem.cz\/?page_id=123"},"modified":"2019-12-22T17:44:46","modified_gmt":"2019-12-22T17:44:46","slug":"kontaktni-stranka","status":"publish","type":"page","link":"https:\/\/www.odtahujem.cz\/?page_id=123","title":{"rendered":"Kontakt"},"content":{"rendered":"<div class=\"wpforms-container wpforms-container-full\" id=\"wpforms-39\"><form id=\"wpforms-form-39\" class=\"wpforms-validate wpforms-form\" data-formid=\"39\" method=\"post\" enctype=\"multipart\/form-data\" action=\"\/index.php?rest_route=%2Fwp%2Fv2%2Fpages%2F123\" data-token=\"2f08fdcc88f20cabeae642bd6b81f1f6\" data-token-time=\"1777698850\"><noscript class=\"wpforms-error-noscript\">Chcete-li vyplnit tento formul\u00e1\u0159, pros\u00edm povolte v prohl\u00ed\u017ee\u010di JavaScript.<\/noscript><div class=\"wpforms-field-container\"><div id=\"wpforms-39-field_0-container\" class=\"wpforms-field wpforms-field-name\" data-field-id=\"0\"><label class=\"wpforms-field-label\" for=\"wpforms-39-field_0\">Jm\u00e9no <span class=\"wpforms-required-label\">*<\/span><\/label><input type=\"text\" id=\"wpforms-39-field_0\" class=\"wpforms-field-medium wpforms-field-required\" name=\"wpforms[fields][0]\" required><\/div><div id=\"wpforms-39-field_1-container\" class=\"wpforms-field wpforms-field-email\" data-field-id=\"1\"><label class=\"wpforms-field-label\" for=\"wpforms-39-field_1\">Email <span class=\"wpforms-required-label\">*<\/span><\/label><input type=\"email\" id=\"wpforms-39-field_1\" class=\"wpforms-field-medium wpforms-field-required\" name=\"wpforms[fields][1]\" spellcheck=\"false\" required><\/div><div id=\"wpforms-39-field_6-container\" class=\"wpforms-field wpforms-field-text\" data-field-id=\"6\"><label class=\"wpforms-field-label\" for=\"wpforms-39-field_6\">Telefon <span class=\"wpforms-required-label\">*<\/span><\/label><input type=\"text\" id=\"wpforms-39-field_6\" class=\"wpforms-field-medium wpforms-field-required\" name=\"wpforms[fields][6]\" required><\/div><div id=\"wpforms-39-field_2-container\" class=\"wpforms-field wpforms-field-textarea\" data-field-id=\"2\"><label class=\"wpforms-field-label\" for=\"wpforms-39-field_2\">Va\u0161e zpr\u00e1va<\/label><textarea id=\"wpforms-39-field_2\" class=\"wpforms-field-medium\" name=\"wpforms[fields][2]\" ><\/textarea><\/div><div id=\"wpforms-39-field_3-container\" class=\"wpforms-field wpforms-field-gdpr-checkbox\" data-field-id=\"3\"><label class=\"wpforms-field-label\">GDPR  <span class=\"wpforms-required-label\">*<\/span><\/label><ul id=\"wpforms-39-field_3\" class=\"wpforms-field-required\"><li class=\"choice-1\"><input type=\"checkbox\" id=\"wpforms-39-field_3_1\" name=\"wpforms[fields][3][]\" value=\"Souhlas\u00edm s t\u00edm, aby tento web ukl\u00e1dal m\u00e9 odeslan\u00e9 informace, aby mohly odpov\u011bd\u011bt na m\u016fj dotaz.\" required ><label class=\"wpforms-field-label-inline\" for=\"wpforms-39-field_3_1\">Souhlas\u00edm s t\u00edm, aby tento web ukl\u00e1dal m\u00e9 odeslan\u00e9 informace, aby mohly odpov\u011bd\u011bt na m\u016fj dotaz.<\/label><\/li><\/ul><\/div><\/div><!-- .wpforms-field-container --><div class=\"wpforms-recaptcha-container wpforms-is-recaptcha wpforms-is-recaptcha-type-invisible\" ><div class=\"g-recaptcha\" data-sitekey=\"6LeyJLMUAAAAABhYYuVBr3RdFCM-80h5zhaJDVE-\" data-size=\"invisible\"><\/div><\/div><div class=\"wpforms-submit-container\" ><input type=\"hidden\" name=\"wpforms[id]\" value=\"39\"><input type=\"hidden\" name=\"page_title\" value=\"\"><input type=\"hidden\" name=\"page_url\" value=\"https:\/\/www.odtahujem.cz\/index.php?rest_route=\/wp\/v2\/pages\/123\"><input type=\"hidden\" name=\"url_referer\" value=\"\"><button type=\"submit\" name=\"wpforms[submit]\" id=\"wpforms-submit-39\" class=\"wpforms-submit\" data-alt-text=\"odes\u00edl\u00e1n\u00ed\" data-submit-text=\"odeslat\" aria-live=\"assertive\" value=\"wpforms-submit\">odeslat<\/button><\/div><\/form><\/div>  <!-- .wpforms-container -->\n","protected":false},"excerpt":{"rendered":"","protected":false},"author":1,"featured_media":0,"parent":0,"menu_order":0,"comment_status":"closed","ping_status":"closed","template":"","meta":{"_monsterinsights_skip_tracking":false,"_monsterinsights_sitenote_active":false,"_monsterinsights_sitenote_note":"","_monsterinsights_sitenote_category":0,"footnotes":""},"class_list":["post-123","page","type-page","status-publish","hentry"],"aioseo_notices":[],"_links":{"self":[{"href":"https:\/\/www.odtahujem.cz\/index.php?rest_route=\/wp\/v2\/pages\/123","targetHints":{"allow":["GET"]}}],"collection":[{"href":"https:\/\/www.odtahujem.cz\/index.php?rest_route=\/wp\/v2\/pages"}],"about":[{"href":"https:\/\/www.odtahujem.cz\/index.php?rest_route=\/wp\/v2\/types\/page"}],"author":[{"embeddable":true,"href":"https:\/\/www.odtahujem.cz\/index.php?rest_route=\/wp\/v2\/users\/1"}],"replies":[{"embeddable":true,"href":"https:\/\/www.odtahujem.cz\/index.php?rest_route=%2Fwp%2Fv2%2Fcomments&post=123"}],"version-history":[{"count":3,"href":"https:\/\/www.odtahujem.cz\/index.php?rest_route=\/wp\/v2\/pages\/123\/revisions"}],"predecessor-version":[{"id":368,"href":"https:\/\/www.odtahujem.cz\/index.php?rest_route=\/wp\/v2\/pages\/123\/revisions\/368"}],"wp:attachment":[{"href":"https:\/\/www.odtahujem.cz\/index.php?rest_route=%2Fwp%2Fv2%2Fmedia&parent=123"}],"curies":[{"name":"wp","href":"https:\/\/api.w.org\/{rel}","templated":true}]}}